{"id":376,"date":"2023-08-29T17:24:48","date_gmt":"2023-08-29T20:24:48","guid":{"rendered":"https:\/\/spottlightmusic.com\/?page_id=376"},"modified":"2023-09-21T09:50:07","modified_gmt":"2023-09-21T12:50:07","slug":"brasil-expertise","status":"publish","type":"page","link":"https:\/\/spottlightmusic.com\/pt\/brasil-expertise\/","title":{"rendered":"Brasil Expertise"},"content":{"rendered":"<div data-elementor-type=\"wp-page\" data-elementor-id=\"376\" class=\"elementor elementor-376\" data-elementor-post-type=\"page\">\n\t\t\t\t\t\t<section class=\"elementor-section elementor-top-section elementor-element elementor-element-4a80ea2 elementor-section-boxed elementor-section-height-default elementor-section-height-default\" data-id=\"4a80ea2\" data-element_type=\"section\" data-settings=\"{&quot;background_background&quot;:&quot;classic&quot;}\">\n\t\t\t\t\t\t\t<div class=\"elementor-background-overlay\"><\/div>\n\t\t\t\t\t\t\t<div class=\"elementor-container elementor-column-gap-default\">\n\t\t\t\t\t<div class=\"elementor-column elementor-col-100 elementor-top-column elementor-element elementor-element-ece699c\" data-id=\"ece699c\" data-element_type=\"column\">\n\t\t\t<div class=\"elementor-widget-wrap elementor-element-populated\">\n\t\t\t\t\t\t<div class=\"elementor-element elementor-element-78a9e3f elementor-invisible elementor-widget elementor-widget-heading\" data-id=\"78a9e3f\" data-element_type=\"widget\" data-settings=\"{&quot;_animation&quot;:&quot;fadeIn&quot;,&quot;_animation_delay&quot;:400}\" data-widget_type=\"heading.default\">\n\t\t\t\t<div class=\"elementor-widget-container\">\n\t\t\t<style>\/*! elementor - v3.23.0 - 05-08-2024 *\/\n.elementor-heading-title{padding:0;margin:0;line-height:1}.elementor-widget-heading .elementor-heading-title[class*=elementor-size-]>a{color:inherit;font-size:inherit;line-height:inherit}.elementor-widget-heading .elementor-heading-title.elementor-size-small{font-size:15px}.elementor-widget-heading .elementor-heading-title.elementor-size-medium{font-size:19px}.elementor-widget-heading .elementor-heading-title.elementor-size-large{font-size:29px}.elementor-widget-heading .elementor-heading-title.elementor-size-xl{font-size:39px}.elementor-widget-heading .elementor-heading-title.elementor-size-xxl{font-size:59px}<\/style><h2 class=\"elementor-heading-title elementor-size-default\">We seek to develop business in Brazil with your music catalogue, creating opportunities through the market expertise that's been built over the last 30 years.<\/h2>\t\t<\/div>\n\t\t\t\t<\/div>\n\t\t\t\t<section class=\"elementor-section elementor-inner-section elementor-element elementor-element-3aee245 elementor-section-boxed elementor-section-height-default elementor-section-height-default\" data-id=\"3aee245\" data-element_type=\"section\">\n\t\t\t\t\t\t<div class=\"elementor-container elementor-column-gap-default\">\n\t\t\t\t\t<div class=\"elementor-column elementor-col-50 elementor-inner-column elementor-element elementor-element-b4c235e\" data-id=\"b4c235e\" data-element_type=\"column\">\n\t\t\t<div class=\"elementor-widget-wrap elementor-element-populated\">\n\t\t\t\t\t\t<div class=\"elementor-element elementor-element-4965bb8 elementor-invisible elementor-widget elementor-widget-image\" data-id=\"4965bb8\" data-element_type=\"widget\" data-settings=\"{&quot;_animation&quot;:&quot;fadeInLeft&quot;}\" data-widget_type=\"image.default\">\n\t\t\t\t<div class=\"elementor-widget-container\">\n\t\t\t<style>\/*! elementor - v3.23.0 - 05-08-2024 *\/\n.elementor-widget-image{text-align:center}.elementor-widget-image a{display:inline-block}.elementor-widget-image a img[src$=\".svg\"]{width:48px}.elementor-widget-image img{vertical-align:middle;display:inline-block}<\/style>\t\t\t\t\t\t\t\t\t\t<img fetchpriority=\"high\" decoding=\"async\" width=\"546\" height=\"557\" src=\"https:\/\/spottlightmusic.com\/wp-content\/uploads\/2023\/08\/MAPA-BRASIL-1-1.png\" class=\"attachment-large size-large wp-image-146\" alt=\"\" srcset=\"https:\/\/spottlightmusic.com\/wp-content\/uploads\/2023\/08\/MAPA-BRASIL-1-1.png 546w, https:\/\/spottlightmusic.com\/wp-content\/uploads\/2023\/08\/MAPA-BRASIL-1-1-294x300.png 294w\" sizes=\"(max-width: 546px) 100vw, 546px\" \/>\t\t\t\t\t\t\t\t\t\t\t\t\t<\/div>\n\t\t\t\t<\/div>\n\t\t\t\t\t<\/div>\n\t\t<\/div>\n\t\t\t\t<div class=\"elementor-column elementor-col-50 elementor-inner-column elementor-element elementor-element-60ed913\" data-id=\"60ed913\" data-element_type=\"column\">\n\t\t\t<div class=\"elementor-widget-wrap elementor-element-populated\">\n\t\t\t\t\t\t<div class=\"elementor-element elementor-element-43b1dad elementor-invisible elementor-widget elementor-widget-text-editor\" data-id=\"43b1dad\" data-element_type=\"widget\" data-settings=\"{&quot;_animation&quot;:&quot;fadeIn&quot;}\" data-widget_type=\"text-editor.default\">\n\t\t\t\t<div class=\"elementor-widget-container\">\n\t\t\t<style>\/*! elementor - v3.23.0 - 05-08-2024 *\/\n.elementor-widget-text-editor.elementor-drop-cap-view-stacked .elementor-drop-cap{background-color:#69727d;color:#fff}.elementor-widget-text-editor.elementor-drop-cap-view-framed .elementor-drop-cap{color:#69727d;border:3px solid;background-color:transparent}.elementor-widget-text-editor:not(.elementor-drop-cap-view-default) .elementor-drop-cap{margin-top:8px}.elementor-widget-text-editor:not(.elementor-drop-cap-view-default) .elementor-drop-cap-letter{width:1em;height:1em}.elementor-widget-text-editor .elementor-drop-cap{float:left;text-align:center;line-height:1;font-size:50px}.elementor-widget-text-editor .elementor-drop-cap-letter{display:inline-block}<\/style>\t\t\t\t<p>Com uma popula\u00e7\u00e3o de mais de 200 milh\u00f5es de habitantes, o Brasil tem hoje o 9\u00ba maior mercado fonogr\u00e1fico do mundo, atingindo R$2,5 bilh\u00f5es de faturamento em 2022, e estando em seu 7\u00ba ano consecutivo em crescimento. Um dos mercados mais competitivos e plurais da ind\u00fastria da m\u00fasica.<\/p><p>A Spottlight \u00e9 formada por brasileiros com uma vasta experi\u00eancia no mercado musical, tendo um know-how de cultura e preceitos do pa\u00eds \u00fanicos, sendo de suma import\u00e2ncia para o desenvolvimento preciso do seu cat\u00e1logo musical no pa\u00eds.\u00a0<\/p>\t\t\t\t\t\t<\/div>\n\t\t\t\t<\/div>\n\t\t\t\t\t<\/div>\n\t\t<\/div>\n\t\t\t\t\t<\/div>\n\t\t<\/section>\n\t\t\t\t\t<\/div>\n\t\t<\/div>\n\t\t\t\t\t<\/div>\n\t\t<\/section>\n\t\t\t\t<\/div>","protected":false},"excerpt":{"rendered":"<p>We seek to develop business in Brazil with your music catalogue, creating opportunities through the market expertise that&#8217;s been built over the last 30 years. With a population of more than 200 million inhabitants, Brazil currently has the 9th largest music market in the world, reaching R$2.5 billion in revenues in 2022, and being in [&hellip;]<\/p>","protected":false},"author":1,"featured_media":0,"parent":0,"menu_order":0,"comment_status":"closed","ping_status":"closed","template":"elementor_header_footer","meta":{"footnotes":""},"class_list":["post-376","page","type-page","status-publish","hentry"],"_links":{"self":[{"href":"https:\/\/spottlightmusic.com\/pt\/wp-json\/wp\/v2\/pages\/376","targetHints":{"allow":["GET"]}}],"collection":[{"href":"https:\/\/spottlightmusic.com\/pt\/wp-json\/wp\/v2\/pages"}],"about":[{"href":"https:\/\/spottlightmusic.com\/pt\/wp-json\/wp\/v2\/types\/page"}],"author":[{"embeddable":true,"href":"https:\/\/spottlightmusic.com\/pt\/wp-json\/wp\/v2\/users\/1"}],"replies":[{"embeddable":true,"href":"https:\/\/spottlightmusic.com\/pt\/wp-json\/wp\/v2\/comments?post=376"}],"version-history":[{"count":13,"href":"https:\/\/spottlightmusic.com\/pt\/wp-json\/wp\/v2\/pages\/376\/revisions"}],"predecessor-version":[{"id":632,"href":"https:\/\/spottlightmusic.com\/pt\/wp-json\/wp\/v2\/pages\/376\/revisions\/632"}],"wp:attachment":[{"href":"https:\/\/spottlightmusic.com\/pt\/wp-json\/wp\/v2\/media?parent=376"}],"curies":[{"name":"wp","href":"https:\/\/api.w.org\/{rel}","templated":true}]}}