{"id":363,"date":"2023-08-29T16:54:50","date_gmt":"2023-08-29T19:54:50","guid":{"rendered":"https:\/\/spottlightmusic.com\/?page_id=363"},"modified":"2023-09-21T09:48:33","modified_gmt":"2023-09-21T12:48:33","slug":"music-publisher","status":"publish","type":"page","link":"https:\/\/spottlightmusic.com\/pt\/music-publisher\/","title":{"rendered":"Editora Musical"},"content":{"rendered":"<div data-elementor-type=\"wp-page\" data-elementor-id=\"363\" class=\"elementor elementor-363\" data-elementor-post-type=\"page\">\n\t\t\t\t\t\t<section class=\"elementor-section elementor-top-section elementor-element elementor-element-e46cf42 elementor-section-boxed elementor-section-height-default elementor-section-height-default\" data-id=\"e46cf42\" data-element_type=\"section\" data-settings=\"{&quot;background_background&quot;:&quot;classic&quot;}\">\n\t\t\t\t\t\t\t<div class=\"elementor-background-overlay\"><\/div>\n\t\t\t\t\t\t\t<div class=\"elementor-container elementor-column-gap-default\">\n\t\t\t\t\t<div class=\"elementor-column elementor-col-100 elementor-top-column elementor-element elementor-element-b19cab2\" data-id=\"b19cab2\" data-element_type=\"column\">\n\t\t\t<div class=\"elementor-widget-wrap elementor-element-populated\">\n\t\t\t\t\t\t<div class=\"elementor-element elementor-element-aff2747 elementor-invisible elementor-widget elementor-widget-heading\" data-id=\"aff2747\" data-element_type=\"widget\" data-settings=\"{&quot;_animation&quot;:&quot;fadeIn&quot;,&quot;_animation_delay&quot;:400}\" data-widget_type=\"heading.default\">\n\t\t\t\t<div class=\"elementor-widget-container\">\n\t\t\t<style>\/*! elementor - v3.23.0 - 05-08-2024 *\/\n.elementor-heading-title{padding:0;margin:0;line-height:1}.elementor-widget-heading .elementor-heading-title[class*=elementor-size-]>a{color:inherit;font-size:inherit;line-height:inherit}.elementor-widget-heading .elementor-heading-title.elementor-size-small{font-size:15px}.elementor-widget-heading .elementor-heading-title.elementor-size-medium{font-size:19px}.elementor-widget-heading .elementor-heading-title.elementor-size-large{font-size:29px}.elementor-widget-heading .elementor-heading-title.elementor-size-xl{font-size:39px}.elementor-widget-heading .elementor-heading-title.elementor-size-xxl{font-size:59px}<\/style><h2 class=\"elementor-heading-title elementor-size-default\">Atrav\u00e9s de ferramentas de BI e BA oferecemos indica\u00e7\u00f5es de melhores neg\u00f3cios no Brasil e no exterior, trazendo as oportunidades mais latentes para sua obra musical.<\/h2>\t\t<\/div>\n\t\t\t\t<\/div>\n\t\t\t\t<section class=\"elementor-section elementor-inner-section elementor-element elementor-element-2f9858e elementor-section-boxed elementor-section-height-default elementor-section-height-default\" data-id=\"2f9858e\" data-element_type=\"section\">\n\t\t\t\t\t\t<div class=\"elementor-container elementor-column-gap-default\">\n\t\t\t\t\t<div class=\"elementor-column elementor-col-50 elementor-inner-column elementor-element elementor-element-78c50f9\" data-id=\"78c50f9\" data-element_type=\"column\">\n\t\t\t<div class=\"elementor-widget-wrap elementor-element-populated\">\n\t\t\t\t\t\t<div class=\"elementor-element elementor-element-a8cd1b6 elementor-invisible elementor-widget elementor-widget-image\" data-id=\"a8cd1b6\" data-element_type=\"widget\" data-settings=\"{&quot;_animation&quot;:&quot;fadeInLeft&quot;}\" data-widget_type=\"image.default\">\n\t\t\t\t<div class=\"elementor-widget-container\">\n\t\t\t<style>\/*! elementor - v3.23.0 - 05-08-2024 *\/\n.elementor-widget-image{text-align:center}.elementor-widget-image a{display:inline-block}.elementor-widget-image a img[src$=\".svg\"]{width:48px}.elementor-widget-image img{vertical-align:middle;display:inline-block}<\/style>\t\t\t\t\t\t\t\t\t\t<img fetchpriority=\"high\" decoding=\"async\" width=\"512\" height=\"512\" src=\"https:\/\/spottlightmusic.com\/wp-content\/uploads\/2023\/08\/audio.png\" class=\"attachment-large size-large wp-image-372\" alt=\"\" srcset=\"https:\/\/spottlightmusic.com\/wp-content\/uploads\/2023\/08\/audio.png 512w, https:\/\/spottlightmusic.com\/wp-content\/uploads\/2023\/08\/audio-300x300.png 300w, https:\/\/spottlightmusic.com\/wp-content\/uploads\/2023\/08\/audio-150x150.png 150w\" sizes=\"(max-width: 512px) 100vw, 512px\" \/>\t\t\t\t\t\t\t\t\t\t\t\t\t<\/div>\n\t\t\t\t<\/div>\n\t\t\t\t\t<\/div>\n\t\t<\/div>\n\t\t\t\t<div class=\"elementor-column elementor-col-50 elementor-inner-column elementor-element elementor-element-8abdbcc\" data-id=\"8abdbcc\" data-element_type=\"column\">\n\t\t\t<div class=\"elementor-widget-wrap elementor-element-populated\">\n\t\t\t\t\t\t<div class=\"elementor-element elementor-element-2646639 elementor-invisible elementor-widget elementor-widget-text-editor\" data-id=\"2646639\" data-element_type=\"widget\" data-settings=\"{&quot;_animation&quot;:&quot;fadeIn&quot;}\" data-widget_type=\"text-editor.default\">\n\t\t\t\t<div class=\"elementor-widget-container\">\n\t\t\t<style>\/*! elementor - v3.23.0 - 05-08-2024 *\/\n.elementor-widget-text-editor.elementor-drop-cap-view-stacked .elementor-drop-cap{background-color:#69727d;color:#fff}.elementor-widget-text-editor.elementor-drop-cap-view-framed .elementor-drop-cap{color:#69727d;border:3px solid;background-color:transparent}.elementor-widget-text-editor:not(.elementor-drop-cap-view-default) .elementor-drop-cap{margin-top:8px}.elementor-widget-text-editor:not(.elementor-drop-cap-view-default) .elementor-drop-cap-letter{width:1em;height:1em}.elementor-widget-text-editor .elementor-drop-cap{float:left;text-align:center;line-height:1;font-size:50px}.elementor-widget-text-editor .elementor-drop-cap-letter{display:inline-block}<\/style>\t\t\t\t<p>Uma editora musical \u00e9 respons\u00e1vel por administrar, desenvolver e impulsionar todo o acervo musical (composi\u00e7\u00f5es) dos seus compositores\/autores. Faremos tamb\u00e9m a coordena\u00e7\u00e3o do processo com a editora anterior, a fim de garantir que haja a libera\u00e7\u00e3o correta do seu uso, assim como o devido pagamento de seus direitos.&nbsp;<\/p>\t\t\t\t\t\t<\/div>\n\t\t\t\t<\/div>\n\t\t\t\t\t<\/div>\n\t\t<\/div>\n\t\t\t\t\t<\/div>\n\t\t<\/section>\n\t\t\t\t\t<\/div>\n\t\t<\/div>\n\t\t\t\t\t<\/div>\n\t\t<\/section>\n\t\t\t\t<\/div>","protected":false},"excerpt":{"rendered":"<p>Through BI and BA tools we offer consultancy of the best business possibilities in the US and Brazil, bringing potential opportunities to your music catalogue. A music publisher is responsible for managing, developing and boosting the catalogues and compositions of their authors, composers, musicians and producers. We will also coordinate the process between the artist [&hellip;]<\/p>","protected":false},"author":1,"featured_media":0,"parent":0,"menu_order":0,"comment_status":"closed","ping_status":"closed","template":"elementor_header_footer","meta":{"footnotes":""},"class_list":["post-363","page","type-page","status-publish","hentry"],"_links":{"self":[{"href":"https:\/\/spottlightmusic.com\/pt\/wp-json\/wp\/v2\/pages\/363","targetHints":{"allow":["GET"]}}],"collection":[{"href":"https:\/\/spottlightmusic.com\/pt\/wp-json\/wp\/v2\/pages"}],"about":[{"href":"https:\/\/spottlightmusic.com\/pt\/wp-json\/wp\/v2\/types\/page"}],"author":[{"embeddable":true,"href":"https:\/\/spottlightmusic.com\/pt\/wp-json\/wp\/v2\/users\/1"}],"replies":[{"embeddable":true,"href":"https:\/\/spottlightmusic.com\/pt\/wp-json\/wp\/v2\/comments?post=363"}],"version-history":[{"count":17,"href":"https:\/\/spottlightmusic.com\/pt\/wp-json\/wp\/v2\/pages\/363\/revisions"}],"predecessor-version":[{"id":626,"href":"https:\/\/spottlightmusic.com\/pt\/wp-json\/wp\/v2\/pages\/363\/revisions\/626"}],"wp:attachment":[{"href":"https:\/\/spottlightmusic.com\/pt\/wp-json\/wp\/v2\/media?parent=363"}],"curies":[{"name":"wp","href":"https:\/\/api.w.org\/{rel}","templated":true}]}}