{"id":335,"date":"2023-08-29T16:40:12","date_gmt":"2023-08-29T19:40:12","guid":{"rendered":"https:\/\/spottlightmusic.com\/?page_id=335"},"modified":"2023-09-21T09:47:56","modified_gmt":"2023-09-21T12:47:56","slug":"performing-rights","status":"publish","type":"page","link":"https:\/\/spottlightmusic.com\/pt\/performing-rights\/","title":{"rendered":"Execu\u00e7\u00e3o P\u00fablica"},"content":{"rendered":"<div data-elementor-type=\"wp-page\" data-elementor-id=\"335\" class=\"elementor elementor-335\" data-elementor-post-type=\"page\">\n\t\t\t\t\t\t<section class=\"elementor-section elementor-top-section elementor-element elementor-element-52503e0 elementor-section-boxed elementor-section-height-default elementor-section-height-default\" data-id=\"52503e0\" data-element_type=\"section\" data-settings=\"{&quot;background_background&quot;:&quot;classic&quot;}\">\n\t\t\t\t\t\t\t<div class=\"elementor-background-overlay\"><\/div>\n\t\t\t\t\t\t\t<div class=\"elementor-container elementor-column-gap-default\">\n\t\t\t\t\t<div class=\"elementor-column elementor-col-100 elementor-top-column elementor-element elementor-element-78ef9a6\" data-id=\"78ef9a6\" data-element_type=\"column\">\n\t\t\t<div class=\"elementor-widget-wrap elementor-element-populated\">\n\t\t\t\t\t\t<div class=\"elementor-element elementor-element-1760b7b elementor-invisible elementor-widget elementor-widget-heading\" data-id=\"1760b7b\" data-element_type=\"widget\" data-settings=\"{&quot;_animation&quot;:&quot;fadeIn&quot;,&quot;_animation_delay&quot;:400}\" data-widget_type=\"heading.default\">\n\t\t\t\t<div class=\"elementor-widget-container\">\n\t\t\t<style>\/*! elementor - v3.23.0 - 05-08-2024 *\/\n.elementor-heading-title{padding:0;margin:0;line-height:1}.elementor-widget-heading .elementor-heading-title[class*=elementor-size-]>a{color:inherit;font-size:inherit;line-height:inherit}.elementor-widget-heading .elementor-heading-title.elementor-size-small{font-size:15px}.elementor-widget-heading .elementor-heading-title.elementor-size-medium{font-size:19px}.elementor-widget-heading .elementor-heading-title.elementor-size-large{font-size:29px}.elementor-widget-heading .elementor-heading-title.elementor-size-xl{font-size:39px}.elementor-widget-heading .elementor-heading-title.elementor-size-xxl{font-size:59px}<\/style><h2 class=\"elementor-heading-title elementor-size-default\">Conhecemos amplamente o processo burocr\u00e1tico que garantir\u00e1 os seus direitos de execu\u00e7\u00e3o p\u00fablica e o recebimento adequado dos pagamentos, dentro e fora do Brasil. <\/h2>\t\t<\/div>\n\t\t\t\t<\/div>\n\t\t\t\t<section class=\"elementor-section elementor-inner-section elementor-element elementor-element-8f30a65 elementor-section-boxed elementor-section-height-default elementor-section-height-default\" data-id=\"8f30a65\" data-element_type=\"section\">\n\t\t\t\t\t\t<div class=\"elementor-container elementor-column-gap-wide\">\n\t\t\t\t\t<div class=\"elementor-column elementor-col-50 elementor-inner-column elementor-element elementor-element-6ee33be\" data-id=\"6ee33be\" data-element_type=\"column\">\n\t\t\t<div class=\"elementor-widget-wrap elementor-element-populated\">\n\t\t\t\t\t\t<div class=\"elementor-element elementor-element-baedd0b elementor-invisible elementor-widget elementor-widget-image\" data-id=\"baedd0b\" data-element_type=\"widget\" data-settings=\"{&quot;_animation&quot;:&quot;fadeInLeft&quot;}\" data-widget_type=\"image.default\">\n\t\t\t\t<div class=\"elementor-widget-container\">\n\t\t\t<style>\/*! elementor - v3.23.0 - 05-08-2024 *\/\n.elementor-widget-image{text-align:center}.elementor-widget-image a{display:inline-block}.elementor-widget-image a img[src$=\".svg\"]{width:48px}.elementor-widget-image img{vertical-align:middle;display:inline-block}<\/style>\t\t\t\t\t\t\t\t\t\t<img fetchpriority=\"high\" decoding=\"async\" width=\"512\" height=\"512\" src=\"https:\/\/spottlightmusic.com\/wp-content\/uploads\/2023\/08\/music-note.png\" class=\"attachment-large size-large wp-image-356\" alt=\"\" srcset=\"https:\/\/spottlightmusic.com\/wp-content\/uploads\/2023\/08\/music-note.png 512w, https:\/\/spottlightmusic.com\/wp-content\/uploads\/2023\/08\/music-note-300x300.png 300w, https:\/\/spottlightmusic.com\/wp-content\/uploads\/2023\/08\/music-note-150x150.png 150w\" sizes=\"(max-width: 512px) 100vw, 512px\" \/>\t\t\t\t\t\t\t\t\t\t\t\t\t<\/div>\n\t\t\t\t<\/div>\n\t\t\t\t\t<\/div>\n\t\t<\/div>\n\t\t\t\t<div class=\"elementor-column elementor-col-50 elementor-inner-column elementor-element elementor-element-c427fc2\" data-id=\"c427fc2\" data-element_type=\"column\">\n\t\t\t<div class=\"elementor-widget-wrap elementor-element-populated\">\n\t\t\t\t\t\t<div class=\"elementor-element elementor-element-4bde1c6 elementor-invisible elementor-widget elementor-widget-text-editor\" data-id=\"4bde1c6\" data-element_type=\"widget\" data-settings=\"{&quot;_animation&quot;:&quot;fadeIn&quot;}\" data-widget_type=\"text-editor.default\">\n\t\t\t\t<div class=\"elementor-widget-container\">\n\t\t\t<style>\/*! elementor - v3.23.0 - 05-08-2024 *\/\n.elementor-widget-text-editor.elementor-drop-cap-view-stacked .elementor-drop-cap{background-color:#69727d;color:#fff}.elementor-widget-text-editor.elementor-drop-cap-view-framed .elementor-drop-cap{color:#69727d;border:3px solid;background-color:transparent}.elementor-widget-text-editor:not(.elementor-drop-cap-view-default) .elementor-drop-cap{margin-top:8px}.elementor-widget-text-editor:not(.elementor-drop-cap-view-default) .elementor-drop-cap-letter{width:1em;height:1em}.elementor-widget-text-editor .elementor-drop-cap{float:left;text-align:center;line-height:1;font-size:50px}.elementor-widget-text-editor .elementor-drop-cap-letter{display:inline-block}<\/style>\t\t\t\t<p>A execu\u00e7\u00e3o p\u00fablica nada mais \u00e9 que a reprodu\u00e7\u00e3o de fonogramas em locais de frequ\u00eancia coletiva, ou seja, televis\u00e3o, r\u00e1dio, shows, m\u00fasica ambiente, festas, eventos, dentre outros. Para entender como funciona toda a cadeia, \u00e9 fundamental compreender a respeito dos conceitos b\u00e1sicos, como, por exemplo, a diferen\u00e7a entre \u201cobra\u201d e \u201cfonograma\u201d.<\/p><p>Obra - Qualquer composi\u00e7\u00e3o que contenha letra e melodia, ou apenas melodia. Uma \u00fanica obra pode ser interpretada por diferentes artistas e at\u00e9 mesmo em diferentes vers\u00f5es, como ac\u00fastica, ao vivo e est\u00fadio.\u00a0<\/p>\t\t\t\t\t\t<\/div>\n\t\t\t\t<\/div>\n\t\t\t\t\t<\/div>\n\t\t<\/div>\n\t\t\t\t\t<\/div>\n\t\t<\/section>\n\t\t\t\t<section class=\"elementor-section elementor-inner-section elementor-element elementor-element-7c7d7f6 elementor-reverse-mobile elementor-section-boxed elementor-section-height-default elementor-section-height-default\" data-id=\"7c7d7f6\" data-element_type=\"section\">\n\t\t\t\t\t\t<div class=\"elementor-container elementor-column-gap-wide\">\n\t\t\t\t\t<div class=\"elementor-column elementor-col-50 elementor-inner-column elementor-element elementor-element-df987b1\" data-id=\"df987b1\" data-element_type=\"column\">\n\t\t\t<div class=\"elementor-widget-wrap elementor-element-populated\">\n\t\t\t\t\t\t<div class=\"elementor-element elementor-element-e0860ff elementor-widget__width-initial elementor-invisible elementor-widget elementor-widget-text-editor\" data-id=\"e0860ff\" data-element_type=\"widget\" data-settings=\"{&quot;_animation&quot;:&quot;fadeIn&quot;}\" data-widget_type=\"text-editor.default\">\n\t\t\t\t<div class=\"elementor-widget-container\">\n\t\t\t\t\t\t\t<p><span style=\"color: #9b1b1f;\"><b>Fonograma - \u00c9 a fixa\u00e7\u00e3o de uma obra em suporte material, ou seja, \u00e9 a grava\u00e7\u00e3o da obra. \u00c9 a m\u00fasica que escutamos nas plataformas de streaming e nas r\u00e1dios.&nbsp;<\/b><\/span><\/p>\n<p><b>Sendo assim, o autor titular de uma obra tem o direito de ser remunerado por toda e qualquer reprodu\u00e7\u00e3o dos fonogramas criados a partir dela e quando forem executados em um local de frequ\u00eancia coletiva. Sabemos exatamente o que \u00e9 necess\u00e1rio para que essa coleta seja realizada de maneira eficiente e somos os respons\u00e1veis por coordenar todo o processo burocr\u00e1tico junto \u00e0s associa\u00e7\u00f5es integrantes, dentro e fora do Brasil,   para garantir os direitos de autores, compositores, editores, int\u00e9rpretes, m\u00fasicos e produtores fonogr\u00e1ficos quanto \u00e0 execu\u00e7\u00e3o p\u00fablica de suas obras.<\/b><\/p>\t\t\t\t\t\t<\/div>\n\t\t\t\t<\/div>\n\t\t\t\t\t<\/div>\n\t\t<\/div>\n\t\t\t\t<div class=\"elementor-column elementor-col-50 elementor-inner-column elementor-element elementor-element-97e5789\" data-id=\"97e5789\" data-element_type=\"column\">\n\t\t\t<div class=\"elementor-widget-wrap elementor-element-populated\">\n\t\t\t\t\t\t<div class=\"elementor-element elementor-element-c47b8e5 elementor-invisible elementor-widget elementor-widget-image\" data-id=\"c47b8e5\" data-element_type=\"widget\" data-settings=\"{&quot;_animation&quot;:&quot;fadeInLeft&quot;}\" data-widget_type=\"image.default\">\n\t\t\t\t<div class=\"elementor-widget-container\">\n\t\t\t\t\t\t\t\t\t\t\t\t\t<img decoding=\"async\" width=\"512\" height=\"512\" src=\"https:\/\/spottlightmusic.com\/wp-content\/uploads\/2023\/08\/wave-sound.png\" class=\"attachment-large size-large wp-image-355\" alt=\"\" srcset=\"https:\/\/spottlightmusic.com\/wp-content\/uploads\/2023\/08\/wave-sound.png 512w, https:\/\/spottlightmusic.com\/wp-content\/uploads\/2023\/08\/wave-sound-300x300.png 300w, https:\/\/spottlightmusic.com\/wp-content\/uploads\/2023\/08\/wave-sound-150x150.png 150w\" sizes=\"(max-width: 512px) 100vw, 512px\" \/>\t\t\t\t\t\t\t\t\t\t\t\t\t<\/div>\n\t\t\t\t<\/div>\n\t\t\t\t\t<\/div>\n\t\t<\/div>\n\t\t\t\t\t<\/div>\n\t\t<\/section>\n\t\t\t\t\t<\/div>\n\t\t<\/div>\n\t\t\t\t\t<\/div>\n\t\t<\/section>\n\t\t\t\t<\/div>","protected":false},"excerpt":{"rendered":"<p>We have vast knowledge on the bureaucratic process that will guarantee your performing rights and royalties and the proper collection of payments, especially in the Brazilian market. Performance royalties are the fees paid when music is performed publicly whether it&#8217;s on TV, radio, live shows, malls, parties, shows and more. To understand how the entire [&hellip;]<\/p>","protected":false},"author":1,"featured_media":0,"parent":0,"menu_order":0,"comment_status":"closed","ping_status":"closed","template":"elementor_header_footer","meta":{"footnotes":""},"class_list":["post-335","page","type-page","status-publish","hentry"],"_links":{"self":[{"href":"https:\/\/spottlightmusic.com\/pt\/wp-json\/wp\/v2\/pages\/335","targetHints":{"allow":["GET"]}}],"collection":[{"href":"https:\/\/spottlightmusic.com\/pt\/wp-json\/wp\/v2\/pages"}],"about":[{"href":"https:\/\/spottlightmusic.com\/pt\/wp-json\/wp\/v2\/types\/page"}],"author":[{"embeddable":true,"href":"https:\/\/spottlightmusic.com\/pt\/wp-json\/wp\/v2\/users\/1"}],"replies":[{"embeddable":true,"href":"https:\/\/spottlightmusic.com\/pt\/wp-json\/wp\/v2\/comments?post=335"}],"version-history":[{"count":32,"href":"https:\/\/spottlightmusic.com\/pt\/wp-json\/wp\/v2\/pages\/335\/revisions"}],"predecessor-version":[{"id":623,"href":"https:\/\/spottlightmusic.com\/pt\/wp-json\/wp\/v2\/pages\/335\/revisions\/623"}],"wp:attachment":[{"href":"https:\/\/spottlightmusic.com\/pt\/wp-json\/wp\/v2\/media?parent=335"}],"curies":[{"name":"wp","href":"https:\/\/api.w.org\/{rel}","templated":true}]}}