{"id":27,"date":"2023-08-14T12:29:05","date_gmt":"2023-08-14T15:29:05","guid":{"rendered":"https:\/\/spottlightmusic.com\/?page_id=27"},"modified":"2023-09-21T09:44:14","modified_gmt":"2023-09-21T12:44:14","slug":"label","status":"publish","type":"page","link":"https:\/\/spottlightmusic.com\/pt\/label\/","title":{"rendered":"Label"},"content":{"rendered":"<div data-elementor-type=\"wp-page\" data-elementor-id=\"27\" class=\"elementor elementor-27\" data-elementor-post-type=\"page\">\n\t\t\t\t\t\t<section class=\"elementor-section elementor-top-section elementor-element elementor-element-f2ed5e7 elementor-section-boxed elementor-section-height-default elementor-section-height-default\" data-id=\"f2ed5e7\" data-element_type=\"section\" data-settings=\"{&quot;background_background&quot;:&quot;classic&quot;}\">\n\t\t\t\t\t\t\t<div class=\"elementor-background-overlay\"><\/div>\n\t\t\t\t\t\t\t<div class=\"elementor-container elementor-column-gap-default\">\n\t\t\t\t\t<div class=\"elementor-column elementor-col-100 elementor-top-column elementor-element elementor-element-2c3cfd4\" data-id=\"2c3cfd4\" data-element_type=\"column\">\n\t\t\t<div class=\"elementor-widget-wrap elementor-element-populated\">\n\t\t\t\t\t\t<div class=\"elementor-element elementor-element-f8ac7e4 elementor-invisible elementor-widget elementor-widget-heading\" data-id=\"f8ac7e4\" data-element_type=\"widget\" data-settings=\"{&quot;_animation&quot;:&quot;fadeIn&quot;}\" data-widget_type=\"heading.default\">\n\t\t\t\t<div class=\"elementor-widget-container\">\n\t\t\t<style>\/*! elementor - v3.23.0 - 05-08-2024 *\/\n.elementor-heading-title{padding:0;margin:0;line-height:1}.elementor-widget-heading .elementor-heading-title[class*=elementor-size-]>a{color:inherit;font-size:inherit;line-height:inherit}.elementor-widget-heading .elementor-heading-title.elementor-size-small{font-size:15px}.elementor-widget-heading .elementor-heading-title.elementor-size-medium{font-size:19px}.elementor-widget-heading .elementor-heading-title.elementor-size-large{font-size:29px}.elementor-widget-heading .elementor-heading-title.elementor-size-xl{font-size:39px}.elementor-widget-heading .elementor-heading-title.elementor-size-xxl{font-size:59px}<\/style><h2 class=\"elementor-heading-title elementor-size-default\">Label<\/h2>\t\t<\/div>\n\t\t\t\t<\/div>\n\t\t\t\t<div class=\"elementor-element elementor-element-49f4373 elementor-invisible elementor-widget elementor-widget-heading\" data-id=\"49f4373\" data-element_type=\"widget\" data-settings=\"{&quot;_animation&quot;:&quot;fadeIn&quot;,&quot;_animation_delay&quot;:400}\" data-widget_type=\"heading.default\">\n\t\t\t\t<div class=\"elementor-widget-container\">\n\t\t\t<h2 class=\"elementor-heading-title elementor-size-default\">Spottlight<\/h2>\t\t<\/div>\n\t\t\t\t<\/div>\n\t\t\t\t<section class=\"elementor-section elementor-inner-section elementor-element elementor-element-0301c96 elementor-section-boxed elementor-section-height-default elementor-section-height-default\" data-id=\"0301c96\" data-element_type=\"section\">\n\t\t\t\t\t\t<div class=\"elementor-container elementor-column-gap-default\">\n\t\t\t\t\t<div class=\"elementor-column elementor-col-50 elementor-inner-column elementor-element elementor-element-b238edf\" data-id=\"b238edf\" data-element_type=\"column\">\n\t\t\t<div class=\"elementor-widget-wrap elementor-element-populated\">\n\t\t\t\t\t\t<div class=\"elementor-element elementor-element-e30e06a elementor-invisible elementor-widget elementor-widget-text-editor\" data-id=\"e30e06a\" data-element_type=\"widget\" data-settings=\"{&quot;_animation&quot;:&quot;fadeIn&quot;}\" data-widget_type=\"text-editor.default\">\n\t\t\t\t<div class=\"elementor-widget-container\">\n\t\t\t<style>\/*! elementor - v3.23.0 - 05-08-2024 *\/\n.elementor-widget-text-editor.elementor-drop-cap-view-stacked .elementor-drop-cap{background-color:#69727d;color:#fff}.elementor-widget-text-editor.elementor-drop-cap-view-framed .elementor-drop-cap{color:#69727d;border:3px solid;background-color:transparent}.elementor-widget-text-editor:not(.elementor-drop-cap-view-default) .elementor-drop-cap{margin-top:8px}.elementor-widget-text-editor:not(.elementor-drop-cap-view-default) .elementor-drop-cap-letter{width:1em;height:1em}.elementor-widget-text-editor .elementor-drop-cap{float:left;text-align:center;line-height:1;font-size:50px}.elementor-widget-text-editor .elementor-drop-cap-letter{display:inline-block}<\/style>\t\t\t\t<p>Criamos oportunidades de neg\u00f3cio a partir da ess\u00eancia da concep\u00e7\u00e3o art\u00edstica de um fonograma, levando em considera\u00e7\u00e3o o consumo sensorial de uma m\u00fasica, a fim de encontrar as solu\u00e7\u00f5es que garantir\u00e3o resultados de vendas e fortalecimento do branding.<\/p>\t\t\t\t\t\t<\/div>\n\t\t\t\t<\/div>\n\t\t\t\t\t<\/div>\n\t\t<\/div>\n\t\t\t\t<div class=\"elementor-column elementor-col-50 elementor-inner-column elementor-element elementor-element-2af2d36\" data-id=\"2af2d36\" data-element_type=\"column\" data-settings=\"{&quot;background_background&quot;:&quot;classic&quot;}\">\n\t\t\t<div class=\"elementor-widget-wrap elementor-element-populated\">\n\t\t\t\t\t\t<div class=\"elementor-element elementor-element-5091175 elementor-invisible elementor-widget elementor-widget-image\" data-id=\"5091175\" data-element_type=\"widget\" data-settings=\"{&quot;_animation&quot;:&quot;fadeIn&quot;}\" data-widget_type=\"image.default\">\n\t\t\t\t<div class=\"elementor-widget-container\">\n\t\t\t<style>\/*! elementor - v3.23.0 - 05-08-2024 *\/\n.elementor-widget-image{text-align:center}.elementor-widget-image a{display:inline-block}.elementor-widget-image a img[src$=\".svg\"]{width:48px}.elementor-widget-image img{vertical-align:middle;display:inline-block}<\/style>\t\t\t\t\t\t\t\t\t\t<img decoding=\"async\" width=\"1\" height=\"1\" src=\"https:\/\/spottlightmusic.com\/wp-content\/uploads\/2023\/08\/Grupo-45-1.svg\" class=\"attachment-large size-large wp-image-125\" alt=\"\" \/>\t\t\t\t\t\t\t\t\t\t\t\t\t<\/div>\n\t\t\t\t<\/div>\n\t\t\t\t\t<\/div>\n\t\t<\/div>\n\t\t\t\t\t<\/div>\n\t\t<\/section>\n\t\t\t\t<section class=\"elementor-section elementor-inner-section elementor-element elementor-element-5b1de27 elementor-reverse-tablet elementor-reverse-mobile elementor-section-boxed elementor-section-height-default elementor-section-height-default\" data-id=\"5b1de27\" data-element_type=\"section\">\n\t\t\t\t\t\t<div class=\"elementor-container elementor-column-gap-default\">\n\t\t\t\t\t<div class=\"elementor-column elementor-col-100 elementor-inner-column elementor-element elementor-element-5f5da08\" data-id=\"5f5da08\" data-element_type=\"column\">\n\t\t\t<div class=\"elementor-widget-wrap elementor-element-populated\">\n\t\t\t\t\t\t<div class=\"elementor-element elementor-element-b4a1696 elementor-invisible elementor-widget elementor-widget-text-editor\" data-id=\"b4a1696\" data-element_type=\"widget\" data-settings=\"{&quot;_animation&quot;:&quot;fadeIn&quot;}\" data-widget_type=\"text-editor.default\">\n\t\t\t\t<div class=\"elementor-widget-container\">\n\t\t\t\t\t\t\t<p>Compreender a concep\u00e7\u00e3o art\u00edstica de cada projeto e como adaptar suas necessidades de modo que consigam atingir \u00eaxito no mercado \u00e9 a nossa principal miss\u00e3o durante o processo de elabora\u00e7\u00e3o de um planejamento estrat\u00e9gico para um produto musical.<\/p><p>O processo decis\u00f3rio \u00e9 fundamentado atrav\u00e9s do conhecimento adquirido a partir das \u00e1reas de Business Intelligence e Analytics, que garantem um desenvolvimento embasado e customizado de acordo com as caracter\u00edsticas de cada demanda. O conhecimento profundo sobre o produto, portanto, \u00e9 fundamental para que as a\u00e7\u00f5es desempenhadas tenham uma perform ance positiva e de sucesso.<\/p>\t\t\t\t\t\t<\/div>\n\t\t\t\t<\/div>\n\t\t\t\t\t<\/div>\n\t\t<\/div>\n\t\t\t\t\t<\/div>\n\t\t<\/section>\n\t\t\t\t<section class=\"elementor-section elementor-inner-section elementor-element elementor-element-eebf167 elementor-section-boxed elementor-section-height-default elementor-section-height-default\" data-id=\"eebf167\" data-element_type=\"section\">\n\t\t\t\t\t\t<div class=\"elementor-container elementor-column-gap-default\">\n\t\t\t\t\t<div class=\"elementor-column elementor-col-100 elementor-inner-column elementor-element elementor-element-37f26ac\" data-id=\"37f26ac\" data-element_type=\"column\">\n\t\t\t<div class=\"elementor-widget-wrap elementor-element-populated\">\n\t\t\t\t\t\t<div class=\"elementor-element elementor-element-6f0cfa4 elementor-invisible elementor-widget elementor-widget-text-editor\" data-id=\"6f0cfa4\" data-element_type=\"widget\" data-settings=\"{&quot;_animation&quot;:&quot;fadeIn&quot;}\" data-widget_type=\"text-editor.default\">\n\t\t\t\t<div class=\"elementor-widget-container\">\n\t\t\t\t\t\t\t<p><br \/>O escopo de atua\u00e7\u00e3o de uma label \u00e9 conduzir de forma coordenada as decis\u00f5es art\u00edsticas a partir de uma vis\u00e3o comercial baseada em experi\u00eancia e observa\u00e7\u00e3o do contexto, tanto do mercado quanto das singularidades do artista.<\/p><p>Merchandising, ao vivo, prateleiras digitais, r\u00e1dio e outras variadas op\u00e7\u00f5es comp\u00f5em o mix de possibilidades de investimento dos quais a Spottlight possui a expertise necess\u00e1ria para avaliar e aconselhar diante da particularidade de cada cliente. <\/p>\t\t\t\t\t\t<\/div>\n\t\t\t\t<\/div>\n\t\t\t\t\t<\/div>\n\t\t<\/div>\n\t\t\t\t\t<\/div>\n\t\t<\/section>\n\t\t\t\t\t<\/div>\n\t\t<\/div>\n\t\t\t\t\t<\/div>\n\t\t<\/section>\n\t\t\t\t<\/div>","protected":false},"excerpt":{"rendered":"<p>Label Spottlight We create business opportunities aligned with the essence of the artistic conception of a Music Product.We also take into consideration the sensorial experience of a song in order to find solutions that will guarantee both sales and brand strengthening. To grasp the artistic conception of each project and how to adapt its needs [&hellip;]<\/p>","protected":false},"author":1,"featured_media":0,"parent":0,"menu_order":0,"comment_status":"closed","ping_status":"closed","template":"elementor_header_footer","meta":{"footnotes":""},"class_list":["post-27","page","type-page","status-publish","hentry"],"_links":{"self":[{"href":"https:\/\/spottlightmusic.com\/pt\/wp-json\/wp\/v2\/pages\/27","targetHints":{"allow":["GET"]}}],"collection":[{"href":"https:\/\/spottlightmusic.com\/pt\/wp-json\/wp\/v2\/pages"}],"about":[{"href":"https:\/\/spottlightmusic.com\/pt\/wp-json\/wp\/v2\/types\/page"}],"author":[{"embeddable":true,"href":"https:\/\/spottlightmusic.com\/pt\/wp-json\/wp\/v2\/users\/1"}],"replies":[{"embeddable":true,"href":"https:\/\/spottlightmusic.com\/pt\/wp-json\/wp\/v2\/comments?post=27"}],"version-history":[{"count":31,"href":"https:\/\/spottlightmusic.com\/pt\/wp-json\/wp\/v2\/pages\/27\/revisions"}],"predecessor-version":[{"id":614,"href":"https:\/\/spottlightmusic.com\/pt\/wp-json\/wp\/v2\/pages\/27\/revisions\/614"}],"wp:attachment":[{"href":"https:\/\/spottlightmusic.com\/pt\/wp-json\/wp\/v2\/media?parent=27"}],"curies":[{"name":"wp","href":"https:\/\/api.w.org\/{rel}","templated":true}]}}