{"id":25,"date":"2023-08-14T12:28:55","date_gmt":"2023-08-14T15:28:55","guid":{"rendered":"https:\/\/spottlightmusic.com\/?page_id=25"},"modified":"2023-09-22T18:11:26","modified_gmt":"2023-09-22T21:11:26","slug":"about-us","status":"publish","type":"page","link":"https:\/\/spottlightmusic.com\/pt\/about-us\/","title":{"rendered":"Sobre N\u00f3s"},"content":{"rendered":"<div data-elementor-type=\"wp-page\" data-elementor-id=\"25\" class=\"elementor elementor-25\" data-elementor-post-type=\"page\">\n\t\t\t\t\t\t<section class=\"elementor-section elementor-top-section elementor-element elementor-element-cbaabe8 elementor-section-boxed elementor-section-height-default elementor-section-height-default\" data-id=\"cbaabe8\" data-element_type=\"section\" data-settings=\"{&quot;background_background&quot;:&quot;classic&quot;}\">\n\t\t\t\t\t\t\t<div class=\"elementor-background-overlay\"><\/div>\n\t\t\t\t\t\t\t<div class=\"elementor-container elementor-column-gap-default\">\n\t\t\t\t\t<div class=\"elementor-column elementor-col-100 elementor-top-column elementor-element elementor-element-2ba2baa\" data-id=\"2ba2baa\" data-element_type=\"column\">\n\t\t\t<div class=\"elementor-widget-wrap elementor-element-populated\">\n\t\t\t\t\t\t<div class=\"elementor-element elementor-element-9430bab elementor-invisible elementor-widget elementor-widget-heading\" data-id=\"9430bab\" data-element_type=\"widget\" data-settings=\"{&quot;_animation&quot;:&quot;fadeIn&quot;}\" data-widget_type=\"heading.default\">\n\t\t\t\t<div class=\"elementor-widget-container\">\n\t\t\t<style>\/*! elementor - v3.23.0 - 05-08-2024 *\/\n.elementor-heading-title{padding:0;margin:0;line-height:1}.elementor-widget-heading .elementor-heading-title[class*=elementor-size-]>a{color:inherit;font-size:inherit;line-height:inherit}.elementor-widget-heading .elementor-heading-title.elementor-size-small{font-size:15px}.elementor-widget-heading .elementor-heading-title.elementor-size-medium{font-size:19px}.elementor-widget-heading .elementor-heading-title.elementor-size-large{font-size:29px}.elementor-widget-heading .elementor-heading-title.elementor-size-xl{font-size:39px}.elementor-widget-heading .elementor-heading-title.elementor-size-xxl{font-size:59px}<\/style><h2 class=\"elementor-heading-title elementor-size-default\">Bem vindo<\/h2>\t\t<\/div>\n\t\t\t\t<\/div>\n\t\t\t\t<div class=\"elementor-element elementor-element-ca0f077 elementor-invisible elementor-widget elementor-widget-heading\" data-id=\"ca0f077\" data-element_type=\"widget\" data-settings=\"{&quot;_animation&quot;:&quot;fadeIn&quot;,&quot;_animation_delay&quot;:400}\" data-widget_type=\"heading.default\">\n\t\t\t\t<div class=\"elementor-widget-container\">\n\t\t\t<h2 class=\"elementor-heading-title elementor-size-default\">ao nosso Est\u00fadio<\/h2>\t\t<\/div>\n\t\t\t\t<\/div>\n\t\t\t\t<section class=\"elementor-section elementor-inner-section elementor-element elementor-element-30d9732 elementor-section-boxed elementor-section-height-default elementor-section-height-default\" data-id=\"30d9732\" data-element_type=\"section\">\n\t\t\t\t\t\t<div class=\"elementor-container elementor-column-gap-default\">\n\t\t\t\t\t<div class=\"elementor-column elementor-col-50 elementor-inner-column elementor-element elementor-element-76c0313\" data-id=\"76c0313\" data-element_type=\"column\">\n\t\t\t<div class=\"elementor-widget-wrap elementor-element-populated\">\n\t\t\t\t\t\t<div class=\"elementor-element elementor-element-4f56e27 elementor-invisible elementor-widget elementor-widget-text-editor\" data-id=\"4f56e27\" data-element_type=\"widget\" data-settings=\"{&quot;_animation&quot;:&quot;fadeIn&quot;}\" data-widget_type=\"text-editor.default\">\n\t\t\t\t<div class=\"elementor-widget-container\">\n\t\t\t<style>\/*! elementor - v3.23.0 - 05-08-2024 *\/\n.elementor-widget-text-editor.elementor-drop-cap-view-stacked .elementor-drop-cap{background-color:#69727d;color:#fff}.elementor-widget-text-editor.elementor-drop-cap-view-framed .elementor-drop-cap{color:#69727d;border:3px solid;background-color:transparent}.elementor-widget-text-editor:not(.elementor-drop-cap-view-default) .elementor-drop-cap{margin-top:8px}.elementor-widget-text-editor:not(.elementor-drop-cap-view-default) .elementor-drop-cap-letter{width:1em;height:1em}.elementor-widget-text-editor .elementor-drop-cap{float:left;text-align:center;line-height:1;font-size:50px}.elementor-widget-text-editor .elementor-drop-cap-letter{display:inline-block}<\/style>\t\t\t\t<p><em>\u201cTemos um orgulho imenso de assinar variados lan\u00e7amentos marcantes como \u2018Please Don\u2019t Go\u2019, \u2018The Rhythm Of The Night\u2019 e \u2018It\u2019s a Rainy Day\u2019, al\u00e9m de ter participa\u00e7\u00e3o ativa na constru\u00e7\u00e3o da hist\u00f3ria de grandes nomes como Corona, Ice Mc, Alexia e Double You no pa\u00eds. O trabalho de sincroniza\u00e7\u00e3o em novelas da Globo, segunda maior emissora do mundo, tamb\u00e9m tem um espa\u00e7o grande no nosso hall de conquistas. <\/em><br \/><em>N\u00e3o h\u00e1 d\u00favidas de que o DNA Spottlight reside no entendimento profundo das nuances do mercado da m\u00fasica nacional e internacional, e a capacidade de transformar a leitura de comportamento em oportunidades de neg\u00f3cios lucrativos.\u201d<\/em><\/p><p><strong><span style=\"color: #ff6e6e;\">Ren\u00e9 Michel<\/span><\/strong><\/p>\t\t\t\t\t\t<\/div>\n\t\t\t\t<\/div>\n\t\t\t\t\t<\/div>\n\t\t<\/div>\n\t\t\t\t<div class=\"elementor-column elementor-col-50 elementor-inner-column elementor-element elementor-element-7b14c15\" data-id=\"7b14c15\" data-element_type=\"column\">\n\t\t\t<div class=\"elementor-widget-wrap elementor-element-populated\">\n\t\t\t\t\t\t<div class=\"elementor-element elementor-element-39baf10 elementor-invisible elementor-widget elementor-widget-text-editor\" data-id=\"39baf10\" data-element_type=\"widget\" data-settings=\"{&quot;_animation&quot;:&quot;fadeIn&quot;}\" data-widget_type=\"text-editor.default\">\n\t\t\t\t<div class=\"elementor-widget-container\">\n\t\t\t\t\t\t\t<p><em>\u201cTrabalhar um produto musical significa estar em contato com padr\u00f5es comportamentais e express\u00f5es socioculturais que nos demandam estrat\u00e9gias que v\u00e3o muito al\u00e9m do \u00f3bvio e do convencional. \u00c9 fundamental cruzar a sensibilidade humana com a expertise de dados para tra\u00e7ar caminhos que realmente fa\u00e7am sentido em um plano comercial e promocional de um single, \u00e1lbum ou EP.\u201d<\/em><\/p><p><strong><span style=\"color: #ff6e6e;\">Francisco J\u00fanior<br \/><\/span><\/strong><\/p>\t\t\t\t\t\t<\/div>\n\t\t\t\t<\/div>\n\t\t\t\t\t<\/div>\n\t\t<\/div>\n\t\t\t\t\t<\/div>\n\t\t<\/section>\n\t\t\t\t<section class=\"elementor-section elementor-inner-section elementor-element elementor-element-f89a9f9 elementor-reverse-tablet elementor-reverse-mobile elementor-section-boxed elementor-section-height-default elementor-section-height-default\" data-id=\"f89a9f9\" data-element_type=\"section\">\n\t\t\t\t\t\t<div class=\"elementor-container elementor-column-gap-default\">\n\t\t\t\t\t<div class=\"elementor-column elementor-col-50 elementor-inner-column elementor-element elementor-element-321357f\" data-id=\"321357f\" data-element_type=\"column\">\n\t\t\t<div class=\"elementor-widget-wrap elementor-element-populated\">\n\t\t\t\t\t\t<div class=\"elementor-element elementor-element-468b1a4 elementor-invisible elementor-widget elementor-widget-text-editor\" data-id=\"468b1a4\" data-element_type=\"widget\" data-settings=\"{&quot;_animation&quot;:&quot;fadeIn&quot;}\" data-widget_type=\"text-editor.default\">\n\t\t\t\t<div class=\"elementor-widget-container\">\n\t\t\t\t\t\t\t<p>Atravessar gera\u00e7\u00f5es e cunhar um espa\u00e7o no mercado musical que se mostra \u00e0 prova do tempo demanda perspectiva, paix\u00e3o e adapta\u00e7\u00e3o nos neg\u00f3cios e vis\u00f5es. A Spottlight tem como direcional \u00fanico, desde o in\u00edcio da sua hist\u00f3ria em 1989, a valoriza\u00e7\u00e3o da m\u00fasica e prioriza\u00e7\u00e3o dos artistas, filosofia que possibilitou que seu primeiro fundador, Ren\u00e9 Michel, se tornasse um expoente e fomentador da cena Dance Music no Brasil. Com a m\u00e3o na massa e admira\u00e7\u00e3o por quem faz a m\u00fasica acontecer, a Spottlight conquistou amplitude nacional ao lan\u00e7ar grandes hits, promover turn\u00eas e carreiras no Brasil e atuar com protagonismo em momentos hist\u00f3ricos de inser\u00e7\u00e3o da m\u00fasica internacional na cultura brasileira. <\/p>\t\t\t\t\t\t<\/div>\n\t\t\t\t<\/div>\n\t\t\t\t\t<\/div>\n\t\t<\/div>\n\t\t\t\t<div class=\"elementor-column elementor-col-50 elementor-inner-column elementor-element elementor-element-8320913\" data-id=\"8320913\" data-element_type=\"column\">\n\t\t\t<div class=\"elementor-widget-wrap elementor-element-populated\">\n\t\t\t\t\t\t<div class=\"elementor-element elementor-element-6649f1e elementor-invisible elementor-widget elementor-widget-text-editor\" data-id=\"6649f1e\" data-element_type=\"widget\" data-settings=\"{&quot;_animation&quot;:&quot;fadeIn&quot;}\" data-widget_type=\"text-editor.default\">\n\t\t\t\t<div class=\"elementor-widget-container\">\n\t\t\t\t\t\t\t<p>Evoluindo ao mesmo passo da curva de avan\u00e7o tecnol\u00f3gico, e consolidando uma expertise atemporal para al\u00e9m das mudan\u00e7as geracionais, a Spottlight hoje atua como um s\u00f3lido hub no Music Business, liderada pelos s\u00f3cios Ren\u00e9 Michel e Francisco J\u00fanior. Nossa premissa essencial \u00e9 pautada pela capacidade de respeitar a individualidade de cada cliente, captar a real profundidade sensorial dos seus\ntrabalhos musicais e desenvolver neg\u00f3cios sem a utiliza\u00e7\u00e3o de processos gen\u00e9ricos e massificados.<\/p>\t\t\t\t\t\t<\/div>\n\t\t\t\t<\/div>\n\t\t\t\t\t<\/div>\n\t\t<\/div>\n\t\t\t\t\t<\/div>\n\t\t<\/section>\n\t\t\t\t<section class=\"elementor-section elementor-inner-section elementor-element elementor-element-c5edd4a elementor-section-boxed elementor-section-height-default elementor-section-height-default\" data-id=\"c5edd4a\" data-element_type=\"section\">\n\t\t\t\t\t\t<div class=\"elementor-container elementor-column-gap-extended\">\n\t\t\t\t\t<div class=\"elementor-column elementor-col-100 elementor-inner-column elementor-element elementor-element-a515f75\" data-id=\"a515f75\" data-element_type=\"column\">\n\t\t\t<div class=\"elementor-widget-wrap elementor-element-populated\">\n\t\t\t\t\t\t<div class=\"elementor-element elementor-element-e8abd4f elementor-invisible elementor-widget elementor-widget-text-editor\" data-id=\"e8abd4f\" data-element_type=\"widget\" data-settings=\"{&quot;_animation&quot;:&quot;fadeIn&quot;}\" data-widget_type=\"text-editor.default\">\n\t\t\t\t<div class=\"elementor-widget-container\">\n\t\t\t\t\t\t\t<p>A atua\u00e7\u00e3o din\u00e2mica e ativa no mercado da m\u00fasica independente \u00e9 refor\u00e7ada anualmente atrav\u00e9s da participa\u00e7\u00e3o ass\u00eddua nas principais confer\u00eancias internacionais como MIDEM e ADE, nas quais se conectam aos personagens-chave do Music Business global e desenvolvem oportunidades a partir da vis\u00e3o de cada s\u00f3cio.<\/p><p>A empresa tem sedes no Brasil e nos Estados Unidos, com escrit\u00f3rios no Rio de Janeiro e Orlando, al\u00e9m de atuar remotamente na totalidade territorial de ambos os pa\u00edses conectando clientes, parceiros e oportunidades atrav\u00e9s de solu\u00e7\u00f5es objetivas e altamente precisas dentro do Music Business.<\/p>\t\t\t\t\t\t<\/div>\n\t\t\t\t<\/div>\n\t\t\t\t\t<\/div>\n\t\t<\/div>\n\t\t\t\t\t<\/div>\n\t\t<\/section>\n\t\t\t\t<section class=\"elementor-section elementor-inner-section elementor-element elementor-element-ad03d8c elementor-section-boxed elementor-section-height-default elementor-section-height-default\" data-id=\"ad03d8c\" data-element_type=\"section\">\n\t\t\t\t\t\t<div class=\"elementor-container elementor-column-gap-wide\">\n\t\t\t\t\t<div class=\"elementor-column elementor-col-33 elementor-inner-column elementor-element elementor-element-9299496\" data-id=\"9299496\" data-element_type=\"column\">\n\t\t\t<div class=\"elementor-widget-wrap elementor-element-populated\">\n\t\t\t\t\t\t<div class=\"elementor-element elementor-element-c61291f elementor-view-default elementor-position-top elementor-mobile-position-top elementor-invisible elementor-widget elementor-widget-icon-box\" data-id=\"c61291f\" data-element_type=\"widget\" data-settings=\"{&quot;_animation&quot;:&quot;fadeIn&quot;}\" data-widget_type=\"icon-box.default\">\n\t\t\t\t<div class=\"elementor-widget-container\">\n\t\t\t<link rel=\"stylesheet\" href=\"https:\/\/spottlightmusic.com\/wp-content\/plugins\/elementor\/assets\/css\/widget-icon-box.min.css\">\t\t<div class=\"elementor-icon-box-wrapper\">\n\n\t\t\t\t\t\t<div class=\"elementor-icon-box-icon\">\n\t\t\t\t<span  class=\"elementor-icon elementor-animation-\">\n\t\t\t\t<svg xmlns=\"http:\/\/www.w3.org\/2000\/svg\" width=\"86\" height=\"85\" viewbox=\"0 0 86 85\"><g id=\"Grupo_67\" data-name=\"Grupo 67\" transform=\"translate(-340 -1213)\"><ellipse id=\"Oval\" cx=\"42\" cy=\"41.5\" rx=\"42\" ry=\"41.5\" transform=\"translate(341 1214)\" fill=\"none\" stroke=\"#ae2025\" stroke-width=\"2\"><\/ellipse><g id=\"Group\" transform=\"translate(362.336 1235.337)\"><circle id=\"Oval-2\" data-name=\"Oval\" cx=\"10.5\" cy=\"10.5\" r=\"10.5\" transform=\"translate(9.663 9.664)\" fill=\"none\" stroke=\"#ae2025\" stroke-linecap=\"round\" stroke-linejoin=\"round\" stroke-width=\"2\"><\/circle><path id=\"Path\" d=\"M5.923,1.654A2.419,2.419,0,0,0,3.628,0H2.419A2.418,2.418,0,0,0,0,2.419H0A2.418,2.418,0,0,0,2.419,4.838H3.628A2.418,2.418,0,0,1,6.047,7.256h0A2.418,2.418,0,0,1,3.628,9.675H2.419A2.421,2.421,0,0,1,.1,7.941\" transform=\"translate(17.827 16.013)\" fill=\"none\" stroke=\"#ae2025\" stroke-linecap=\"round\" stroke-linejoin=\"round\" stroke-width=\"2\"><\/path><path id=\"Path-2\" data-name=\"Path\" d=\"M1,1H1\" transform=\"translate(19.851 13.804)\" fill=\"none\" stroke=\"#ae2025\" stroke-linecap=\"round\" stroke-linejoin=\"round\" stroke-width=\"2\"><\/path><path id=\"Path-3\" data-name=\"Path\" d=\"M1,1H1\" transform=\"translate(19.851 25.898)\" fill=\"none\" stroke=\"#ae2025\" stroke-linecap=\"round\" stroke-linejoin=\"round\" stroke-width=\"2\"><\/path><circle id=\"Oval-3\" data-name=\"Oval\" cx=\"3\" cy=\"3\" r=\"3\" transform=\"translate(17.663 -0.336)\" fill=\"none\" stroke=\"#ae2025\" stroke-linecap=\"round\" stroke-linejoin=\"round\" stroke-width=\"2\"><\/circle><circle id=\"Oval-4\" data-name=\"Oval\" cx=\"3\" cy=\"3\" r=\"3\" transform=\"translate(-0.337 17.664)\" fill=\"none\" stroke=\"#ae2025\" stroke-linecap=\"round\" stroke-linejoin=\"round\" stroke-width=\"2\"><\/circle><path id=\"Path-4\" data-name=\"Path\" d=\"M1,0V4.535\" transform=\"translate(19.851 5.734)\" fill=\"none\" stroke=\"#ae2025\" stroke-linecap=\"round\" stroke-linejoin=\"round\" stroke-width=\"2\"><\/path><circle id=\"Oval-5\" data-name=\"Oval\" cx=\"3.023\" cy=\"3.023\" r=\"3.023\" transform=\"translate(5 5)\" fill=\"none\" stroke=\"#ae2025\" stroke-linecap=\"round\" stroke-linejoin=\"round\" stroke-width=\"2\"><\/circle><path id=\"Path-5\" data-name=\"Path\" d=\"M0,0,3.206,3.206\" transform=\"translate(10.161 10.161)\" fill=\"none\" stroke=\"#ae2025\" stroke-linecap=\"round\" stroke-linejoin=\"round\" stroke-width=\"2\"><\/path><path id=\"Path-6\" data-name=\"Path\" d=\"M0,1H4.535\" transform=\"translate(5.733 19.851)\" fill=\"none\" stroke=\"#ae2025\" stroke-linecap=\"round\" stroke-linejoin=\"round\" stroke-width=\"2\"><\/path><circle id=\"Oval-6\" data-name=\"Oval\" cx=\"3.023\" cy=\"3.023\" r=\"3.023\" transform=\"translate(5 30.655)\" fill=\"none\" stroke=\"#ae2025\" stroke-linecap=\"round\" stroke-linejoin=\"round\" stroke-width=\"2\"><\/circle><path id=\"Path-7\" data-name=\"Path\" d=\"M0,3.206,3.206,0\" transform=\"translate(10.161 28.334)\" fill=\"none\" stroke=\"#ae2025\" stroke-linecap=\"round\" stroke-linejoin=\"round\" stroke-width=\"2\"><\/path><ellipse id=\"Oval-7\" data-name=\"Oval\" cx=\"3\" cy=\"3.5\" rx=\"3\" ry=\"3.5\" transform=\"translate(17.663 35.664)\" fill=\"none\" stroke=\"#ae2025\" stroke-linecap=\"round\" stroke-linejoin=\"round\" stroke-width=\"2\"><\/ellipse><path id=\"Path-8\" data-name=\"Path\" d=\"M1,4.535V0\" transform=\"translate(19.851 31.433)\" fill=\"none\" stroke=\"#ae2025\" stroke-linecap=\"round\" stroke-linejoin=\"round\" stroke-width=\"2\"><\/path><circle id=\"Oval-8\" data-name=\"Oval\" cx=\"3.023\" cy=\"3.023\" r=\"3.023\" transform=\"translate(30.654 30.655)\" fill=\"none\" stroke=\"#ae2025\" stroke-linecap=\"round\" stroke-linejoin=\"round\" stroke-width=\"2\"><\/circle><path id=\"Path-9\" data-name=\"Path\" d=\"M3.206,3.206,0,0\" transform=\"translate(28.334 28.334)\" fill=\"none\" stroke=\"#ae2025\" stroke-linecap=\"round\" stroke-linejoin=\"round\" stroke-width=\"2\"><\/path><ellipse id=\"Oval-9\" data-name=\"Oval\" cx=\"3.5\" cy=\"3\" rx=\"3.5\" ry=\"3\" transform=\"translate(35.663 17.664)\" fill=\"none\" stroke=\"#ae2025\" stroke-linecap=\"round\" stroke-linejoin=\"round\" stroke-width=\"2\"><\/ellipse><path id=\"Path-10\" data-name=\"Path\" d=\"M4.535,1H0\" transform=\"translate(31.433 19.851)\" fill=\"none\" stroke=\"#ae2025\" stroke-linecap=\"round\" stroke-linejoin=\"round\" stroke-width=\"2\"><\/path><circle id=\"Oval-10\" data-name=\"Oval\" cx=\"3.023\" cy=\"3.023\" r=\"3.023\" transform=\"translate(30.654 5)\" fill=\"none\" stroke=\"#ae2025\" stroke-linecap=\"round\" stroke-linejoin=\"round\" stroke-width=\"2\"><\/circle><path id=\"Path-11\" data-name=\"Path\" d=\"M3.206,0,0,3.206\" transform=\"translate(28.334 10.161)\" fill=\"none\" stroke=\"#ae2025\" stroke-linecap=\"round\" stroke-linejoin=\"round\" stroke-width=\"2\"><\/path><\/g><\/g><\/svg>\t\t\t\t<\/span>\n\t\t\t<\/div>\n\t\t\t\n\t\t\t\t\t\t<div class=\"elementor-icon-box-content\">\n\n\t\t\t\t\t\t\t\t\t<h3 class=\"elementor-icon-box-title\">\n\t\t\t\t\t\t<span  >\n\t\t\t\t\t\t\tMiss\u00e3o\t\t\t\t\t\t<\/span>\n\t\t\t\t\t<\/h3>\n\t\t\t\t\n\t\t\t\t\t\t\t\t\t<p class=\"elementor-icon-box-description\">\n\t\t\t\t\t\tDesenvolver estrat\u00e9gias 360 de Music Business para seus clientes com base em experi\u00eancia e profundo conhecimento do mercado.\t\t\t\t\t<\/p>\n\t\t\t\t\n\t\t\t<\/div>\n\t\t\t\n\t\t<\/div>\n\t\t\t\t<\/div>\n\t\t\t\t<\/div>\n\t\t\t\t\t<\/div>\n\t\t<\/div>\n\t\t\t\t<div class=\"elementor-column elementor-col-33 elementor-inner-column elementor-element elementor-element-073f62a\" data-id=\"073f62a\" data-element_type=\"column\">\n\t\t\t<div class=\"elementor-widget-wrap elementor-element-populated\">\n\t\t\t\t\t\t<div class=\"elementor-element elementor-element-9ba800b elementor-view-default elementor-position-top elementor-mobile-position-top elementor-invisible elementor-widget elementor-widget-icon-box\" data-id=\"9ba800b\" data-element_type=\"widget\" data-settings=\"{&quot;_animation&quot;:&quot;fadeIn&quot;}\" data-widget_type=\"icon-box.default\">\n\t\t\t\t<div class=\"elementor-widget-container\">\n\t\t\t\t\t<div class=\"elementor-icon-box-wrapper\">\n\n\t\t\t\t\t\t<div class=\"elementor-icon-box-icon\">\n\t\t\t\t<span  class=\"elementor-icon elementor-animation-\">\n\t\t\t\t<svg xmlns=\"http:\/\/www.w3.org\/2000\/svg\" width=\"86\" height=\"85\" viewbox=\"0 0 86 85\"><g id=\"Grupo_25\" data-name=\"Grupo 25\" transform=\"translate(1.345 0.594)\"><ellipse id=\"Oval\" cx=\"42\" cy=\"41.5\" rx=\"42\" ry=\"41.5\" transform=\"translate(-0.345 0.406)\" fill=\"none\" stroke=\"#ae2025\" stroke-width=\"2\"><\/ellipse><ellipse id=\"Oval-2\" data-name=\"Oval\" cx=\"42\" cy=\"41.5\" rx=\"42\" ry=\"41.5\" transform=\"translate(-0.345 0.406)\" fill=\"none\" stroke=\"#ae2025\" stroke-width=\"2\"><\/ellipse><rect id=\"Rectangle\" width=\"9\" height=\"17\" transform=\"translate(37.655 46.406)\" fill=\"none\" stroke=\"#ae2025\" stroke-linecap=\"round\" stroke-linejoin=\"round\" stroke-width=\"2\"><\/rect><rect id=\"Rectangle-2\" data-name=\"Rectangle\" width=\"9\" height=\"11\" transform=\"translate(20.655 52.406)\" fill=\"none\" stroke=\"#ae2025\" stroke-linecap=\"round\" stroke-linejoin=\"round\" stroke-width=\"2\"><\/rect><rect id=\"Rectangle-3\" data-name=\"Rectangle\" width=\"9\" height=\"26\" transform=\"translate(54.655 37.406)\" fill=\"none\" stroke=\"#ae2025\" stroke-linecap=\"round\" stroke-linejoin=\"round\" stroke-width=\"2\"><\/rect><path id=\"Path\" d=\"M0,0H9.07V9.07\" transform=\"translate(54.078 20.82)\" fill=\"none\" stroke=\"#ae2025\" stroke-linecap=\"round\" stroke-linejoin=\"round\" stroke-width=\"2\"><\/path><path id=\"Path-2\" data-name=\"Path\" d=\"M42.329,0S26.315,21.839,0,22.653\" transform=\"translate(20.82 20.82)\" fill=\"none\" stroke=\"#ae2025\" stroke-linecap=\"round\" stroke-linejoin=\"round\" stroke-width=\"2\"><\/path><\/g><\/svg>\t\t\t\t<\/span>\n\t\t\t<\/div>\n\t\t\t\n\t\t\t\t\t\t<div class=\"elementor-icon-box-content\">\n\n\t\t\t\t\t\t\t\t\t<h3 class=\"elementor-icon-box-title\">\n\t\t\t\t\t\t<span  >\n\t\t\t\t\t\t\tVis\u00e3o\t\t\t\t\t\t<\/span>\n\t\t\t\t\t<\/h3>\n\t\t\t\t\n\t\t\t\t\t\t\t\t\t<p class=\"elementor-icon-box-description\">\n\t\t\t\t\t\tAtuar como um hub do Music Business respeitando a especificidade de cada produto musical e criando oportunidades de neg\u00f3cios n\u00e3o gen\u00e9ricos.\t\t\t\t\t<\/p>\n\t\t\t\t\n\t\t\t<\/div>\n\t\t\t\n\t\t<\/div>\n\t\t\t\t<\/div>\n\t\t\t\t<\/div>\n\t\t\t\t\t<\/div>\n\t\t<\/div>\n\t\t\t\t<div class=\"elementor-column elementor-col-33 elementor-inner-column elementor-element elementor-element-d777709\" data-id=\"d777709\" data-element_type=\"column\">\n\t\t\t<div class=\"elementor-widget-wrap elementor-element-populated\">\n\t\t\t\t\t\t<div class=\"elementor-element elementor-element-a10769d elementor-view-default elementor-position-top elementor-mobile-position-top elementor-invisible elementor-widget elementor-widget-icon-box\" data-id=\"a10769d\" data-element_type=\"widget\" data-settings=\"{&quot;_animation&quot;:&quot;fadeIn&quot;}\" data-widget_type=\"icon-box.default\">\n\t\t\t\t<div class=\"elementor-widget-container\">\n\t\t\t\t\t<div class=\"elementor-icon-box-wrapper\">\n\n\t\t\t\t\t\t<div class=\"elementor-icon-box-icon\">\n\t\t\t\t<span  class=\"elementor-icon elementor-animation-\">\n\t\t\t\t<svg xmlns=\"http:\/\/www.w3.org\/2000\/svg\" xmlns:xlink=\"http:\/\/www.w3.org\/1999\/xlink\" width=\"86\" height=\"85\" viewbox=\"0 0 86 85\"><defs><clippath id=\"clip-path\"><ellipse id=\"Oval\" cx=\"42\" cy=\"41.5\" rx=\"42\" ry=\"41.5\" transform=\"translate(-0.208 0.183)\" fill=\"none\" stroke=\"#ae2025\" stroke-width=\"2\"><\/ellipse><\/clippath><\/defs><g id=\"Grupo_68\" data-name=\"Grupo 68\" transform=\"translate(-1014 -1213)\"><g id=\"icon\" transform=\"translate(1015.208 1213.817)\"><ellipse id=\"Oval-2\" data-name=\"Oval\" cx=\"42\" cy=\"41.5\" rx=\"42\" ry=\"41.5\" transform=\"translate(-0.208 0.183)\" fill=\"none\" stroke=\"#ae2025\" stroke-width=\"2\"><\/ellipse><\/g><g id=\"icon_Mutual_Funds\" data-name=\"icon\/Mutual Funds\" transform=\"translate(1033 1232)\"><g id=\"Group\" transform=\"translate(12.094 3.023)\"><path id=\"Path\" d=\"M21.164,42.329H3.023A3.023,3.023,0,0,1,0,39.305V3.023A3.023,3.023,0,0,1,3.023,0H21.164a3.023,3.023,0,0,1,3.023,3.023V39.305A3.023,3.023,0,0,1,21.164,42.329Z\" fill=\"none\" stroke=\"#ae2025\" stroke-linecap=\"round\" stroke-linejoin=\"round\" stroke-width=\"2\"><\/path><path id=\"Path-2\" data-name=\"Path\" d=\"M24.188,0a3.023,3.023,0,0,1-3.023,3.023H3.023A3.023,3.023,0,0,1,0,0\" transform=\"translate(0 34.77)\" fill=\"none\" stroke=\"#ae2025\" stroke-linecap=\"round\" stroke-linejoin=\"round\" stroke-width=\"2\"><\/path><path id=\"Path-3\" data-name=\"Path\" d=\"M0,1H4.535\" transform=\"translate(7.559 3.535)\" fill=\"none\" stroke=\"#ae2025\" stroke-linecap=\"round\" stroke-linejoin=\"round\" stroke-width=\"2\"><\/path><path id=\"Path-4\" data-name=\"Path\" d=\"M1.512,1H0\" transform=\"translate(16.629 3.535)\" fill=\"none\" stroke=\"#ae2025\" stroke-linecap=\"round\" stroke-linejoin=\"round\" stroke-width=\"2\"><\/path><path id=\"Path-5\" data-name=\"Path\" d=\"M12.094,1H0\" transform=\"translate(6.047 15.629)\" fill=\"none\" stroke=\"#ae2025\" stroke-linecap=\"round\" stroke-linejoin=\"round\" stroke-width=\"2\"><\/path><path id=\"Path-6\" data-name=\"Path\" d=\"M0,0,3.023,3.023,0,6.047\" transform=\"translate(15.117 13.606)\" fill=\"none\" stroke=\"#ae2025\" stroke-linecap=\"round\" stroke-linejoin=\"round\" stroke-width=\"2\"><\/path><path id=\"Path-7\" data-name=\"Path\" d=\"M0,1H12.094\" transform=\"translate(6.047 24.7)\" fill=\"none\" stroke=\"#ae2025\" stroke-linecap=\"round\" stroke-linejoin=\"round\" stroke-width=\"2\"><\/path><path id=\"Path-8\" data-name=\"Path\" d=\"M3.023,0,0,3.023,3.023,6.047\" transform=\"translate(6.047 22.676)\" fill=\"none\" stroke=\"#ae2025\" stroke-linecap=\"round\" stroke-linejoin=\"round\" stroke-width=\"2\"><\/path><\/g><\/g><\/g><\/svg>\t\t\t\t<\/span>\n\t\t\t<\/div>\n\t\t\t\n\t\t\t\t\t\t<div class=\"elementor-icon-box-content\">\n\n\t\t\t\t\t\t\t\t\t<h3 class=\"elementor-icon-box-title\">\n\t\t\t\t\t\t<span  >\n\t\t\t\t\t\t\tValores\t\t\t\t\t\t<\/span>\n\t\t\t\t\t<\/h3>\n\t\t\t\t\n\t\t\t\t\t\t\t\t\t<p class=\"elementor-icon-box-description\">\n\t\t\t\t\t\tTrabalhar a partir da singularidade de cada m\u00fasica e artista. Ter amor \u00e0 m\u00fasica. Exercer a \u00e9tica, respeitar a arte e valorizar as pessoas que a fazem acontecer.\t\t\t\t\t<\/p>\n\t\t\t\t\n\t\t\t<\/div>\n\t\t\t\n\t\t<\/div>\n\t\t\t\t<\/div>\n\t\t\t\t<\/div>\n\t\t\t\t\t<\/div>\n\t\t<\/div>\n\t\t\t\t\t<\/div>\n\t\t<\/section>\n\t\t\t\t\t<\/div>\n\t\t<\/div>\n\t\t\t\t\t<\/div>\n\t\t<\/section>\n\t\t\t\t<\/div>","protected":false},"excerpt":{"rendered":"<p>Welcome to our Studio &#8220;We are immensely proud to have been able to release iconic tracks such as \u2018Please Don\u2019t Go\u2019, \u2018The Rhythm Of The Night\u2019 e \u2018It\u2019s a Rainy Day\u2019 and actively participating in building the career of big names such as Corona, Ice Mc, Alexia and Double You in Brazil. Our sync licensing [&hellip;]<\/p>","protected":false},"author":1,"featured_media":0,"parent":0,"menu_order":0,"comment_status":"closed","ping_status":"closed","template":"elementor_header_footer","meta":{"footnotes":""},"class_list":["post-25","page","type-page","status-publish","hentry"],"_links":{"self":[{"href":"https:\/\/spottlightmusic.com\/pt\/wp-json\/wp\/v2\/pages\/25","targetHints":{"allow":["GET"]}}],"collection":[{"href":"https:\/\/spottlightmusic.com\/pt\/wp-json\/wp\/v2\/pages"}],"about":[{"href":"https:\/\/spottlightmusic.com\/pt\/wp-json\/wp\/v2\/types\/page"}],"author":[{"embeddable":true,"href":"https:\/\/spottlightmusic.com\/pt\/wp-json\/wp\/v2\/users\/1"}],"replies":[{"embeddable":true,"href":"https:\/\/spottlightmusic.com\/pt\/wp-json\/wp\/v2\/comments?post=25"}],"version-history":[{"count":53,"href":"https:\/\/spottlightmusic.com\/pt\/wp-json\/wp\/v2\/pages\/25\/revisions"}],"predecessor-version":[{"id":787,"href":"https:\/\/spottlightmusic.com\/pt\/wp-json\/wp\/v2\/pages\/25\/revisions\/787"}],"wp:attachment":[{"href":"https:\/\/spottlightmusic.com\/pt\/wp-json\/wp\/v2\/media?parent=25"}],"curies":[{"name":"wp","href":"https:\/\/api.w.org\/{rel}","templated":true}]}}